{"id":9045,"date":"2025-11-25T16:49:00","date_gmt":"2025-11-25T16:49:00","guid":{"rendered":"https:\/\/felixcancelado.com\/web\/?page_id=9045"},"modified":"2025-11-25T16:54:51","modified_gmt":"2025-11-25T16:54:51","slug":"course-details-it-a2","status":"publish","type":"page","link":"https:\/\/felixcancelado.com\/web\/course-details-it-a2\/","title":{"rendered":"Course Details IT A2"},"content":{"rendered":"\n<section id=\"gm78715fe\" class=\"wp-block-gutentor-m3 section-gm78715fe gutentor-module gutentor-container-cover has-image-bg has-custom-bg has-gutentor-overlay\"><div class=\"grid-container\">\n<div id=\"section-g78a4c0\" class=\"wp-block-gutentor-e1 section-g78a4c0 gutentor-element gutentor-element-advanced-text text-align-left-desktop text-align-left-tablet text-align-center-mobile\"><div class=\"gutentor-text-wrap\"><h2 class=\"gutentor-text\">Detalles del Minicurso<\/h2><\/div><\/div>\n<\/div><\/section>\n\n\n\n<p class=\"has-text-align-center has-larger-font-size\">Information Technology_ English A2<\/p>\n\n\n\n<section id=\"gm29f218e\" class=\"wp-block-gutentor-m4 section-gm29f218e gutentor-module gutentor-advanced-columns\"><div class=\"grid-container\"><div class=\"grid-row\">\n<div id=\"col-gmd2ffa9\" class=\"wp-block-gutentor-m4-col col-gmd2ffa9 gutentor-single-column  grid-lg-8 grid-md-12 grid-12\"><div id=\"section-gmd2ffa9\" class=\"section-gmd2ffa9 gutentor-col-wrap has-color-bg has-custom-bg\">\n<section id=\"06e812\" class=\"section-06e812 gutentor-module gutentor-module-tabs gutentor-tabs-layout-horizontal gutentor-tabs-pos-top\"><div class=\"grid-container\"><div class=\"gutentor-module-tabs-wrap gutentor-tabs-style-outline\" data-id=\"06e812\"><div class=\"gutentor-module-tabs-nav text-align-left-desktop\"><span class=\"gutentor-module-tabs-item gm-tt-06e812 gutentor-tabs-nav-active\"><span class=\"gutentor-module-tabs-title\">Resumen<\/span><\/span><span class=\"gutentor-module-tabs-item gm-tt-06e812\"><span class=\"gutentor-module-tabs-title\">Contenidos<\/span><\/span><span class=\"gutentor-module-tabs-item gm-tt-06e812\"><span class=\"gutentor-module-tabs-title\">Est\u00e1ndares<\/span><\/span><\/div><div class=\"gutentor-module-tabs-body\">\n<div class=\"wp-block-gutentor-m7-tab gutentor-module-tabs-content gm-tc-06e812 gutentor-tabs-content-active\">\n<div id=\"section-g47be46\" class=\"wp-block-gutentor-e1 section-g47be46 gutentor-element gutentor-element-advanced-text text-align-left-desktop text-align-left-tablet text-align-left-mobile\"><div class=\"gutentor-text-wrap\"><a class=\"gutentor-element-advanced-text-link\" href=\"#\"><h4 class=\"gutentor-text\">Objetivo del minicurso<\/h4><\/a><\/div><\/div>\n\n\n\n<div id=\"section-g92fe5b\" class=\"wp-block-gutentor-e1 section-g92fe5b gutentor-element gutentor-element-advanced-text text-align-left-desktop text-align-left-tablet text-align-left-mobile\"><div class=\"gutentor-text-wrap\"><p class=\"gutentor-text\">Este minicurso est\u00e1 dise\u00f1ado para ayudar a profesionales de IT a comprender los fundamentos de la metodolog\u00eda Agile mientras fortalecen el vocabulario y los verbos esenciales en ingl\u00e9s utilizados en reuniones y contextos t\u00e9cnicos. A trav\u00e9s de ejemplos pr\u00e1cticos, actividades breves y escenarios reales de trabajo, los participantes desarrollar\u00e1n la capacidad de comunicarse con claridad durante las ceremonias Agile, describir tareas y procesos, y colaborar de manera m\u00e1s efectiva con los equipos de desarrollo. Al finalizar el curso, los estudiantes podr\u00e1n utilizar con confianza los t\u00e9rminos clave de Agile y los verbos de acci\u00f3n en ingl\u00e9s para mejorar su comunicaci\u00f3n y productividad en entornos de IT.<br><br>Adem\u00e1s, el minicurso busca que los participantes integren el uso del ingl\u00e9s como una herramienta natural dentro del flujo de trabajo Agile. A trav\u00e9s de din\u00e1micas gamificadas y ejercicios de comprensi\u00f3n, los estudiantes practicar\u00e1n c\u00f3mo interactuar en stand-ups, estimaciones, revisiones y retrospectivas utilizando expresiones y verbos clave del entorno IT. De esta forma, el curso no solo refuerza el entendimiento de Agile, sino que tambi\u00e9n potencia la comunicaci\u00f3n profesional en equipos internacionales y proyectos digitales.<\/p><\/div><\/div>\n\n\n\n<div id=\"section-g3d92b7\" class=\"wp-block-gutentor-e1 section-g3d92b7 gutentor-element gutentor-element-advanced-text text-align-left-desktop text-align-left-tablet text-align-left-mobile\"><div class=\"gutentor-text-wrap\"><a class=\"gutentor-element-advanced-text-link\" href=\"#\"><h4 class=\"gutentor-text\">P\u00fablico objetivo<\/h4><\/a><\/div><\/div>\n\n\n\n<div id=\"section-g8eb55f\" class=\"wp-block-gutentor-e1 section-g8eb55f gutentor-element gutentor-element-advanced-text text-align-left-desktop text-align-left-tablet text-align-left-mobile\"><div class=\"gutentor-text-wrap\"><p class=\"gutentor-text\">Este minicurso est\u00e1 dise\u00f1ado para profesionales IT que requieren la participaci\u00f3n en equipos internacionales angloparlantes bajo metodolog\u00eda AGILE.<\/p><\/div><\/div>\n\n\n\n<div id=\"section-g60a7de\" class=\"wp-block-gutentor-e7 section-g60a7de gutentor-element gutentor-element-list text-align-left-desktop text-align-left-tablet text-align-left-mobile\"><ul class=\"grid-row gutentor-grid-item-wrap list-indicator-icon\"><li class=\"gutentor-list-item grid-lg-12 grid-md-12 grid-12\"><span class=\"gutentor-single-item gutentor-single-item-0\"><span class=\"gutentor-list-item-wrap g-s-list-wrap\"><span class=\"gutentor-single-list-item-icon\"><i class=\"list-item-icon fas fa-graduation-cap\"><\/i><\/span><span class=\"gutentor-list-item\"><p class=\"gutentor-single-item-title\">Este minicurso se puede abonar por Mercadopago o PayPal<\/p><\/span><\/span><\/span><\/li><\/ul><\/div>\n<\/div>\n\n\n\n<div class=\"wp-block-gutentor-m7-tab gutentor-module-tabs-content gm-tc-06e812\">\n<div id=\"section-g397817\" class=\"wp-block-gutentor-e1 section-g397817 gutentor-element gutentor-element-advanced-text text-align-left-desktop text-align-left-tablet text-align-left-mobile\"><div class=\"gutentor-text-wrap\"><a class=\"gutentor-element-advanced-text-link\" href=\"#\"><h4 class=\"gutentor-text\">Unidad 1<\/h4><\/a><\/div><\/div>\n\n\n\n<div id=\"section-g474e1d\" class=\"wp-block-gutentor-e0 section-g474e1d gutentor-element gutentor-element-advanced-text\"><div class=\"gutentor-text-wrap\"><p class=\"gutentor-text\">El Ingl\u00e9s es un Telegrama<\/p><\/div><\/div>\n\n\n\n<div id=\"section-g15f596\" class=\"wp-block-gutentor-e1 section-g15f596 gutentor-element gutentor-element-advanced-text text-align-left-desktop text-align-left-tablet text-align-left-mobile\"><div class=\"gutentor-text-wrap\"><p class=\"gutentor-text\">Reconocer\u00e1s el concepto de \u00abMolding\u00bb. Alcanzar\u00e1s el m\u00e9todo de composici\u00f3n del mensaje para que desde el cerebro, se construya como lo hace un Ingl\u00e9s, m\u00e1s no en espa\u00f1ol.<br><\/p><\/div><\/div>\n\n\n\n<div id=\"section-gc90b93\" class=\"wp-block-gutentor-e1 section-gc90b93 gutentor-element gutentor-element-advanced-text text-align-left-desktop text-align-left-tablet text-align-left-mobile\"><div class=\"gutentor-text-wrap\"><a class=\"gutentor-element-advanced-text-link\" href=\"#\"><h4 class=\"gutentor-text\">Unidad 2<\/h4><\/a><\/div><\/div>\n\n\n\n<div id=\"section-gc66a83\" class=\"wp-block-gutentor-e0 section-gc66a83 gutentor-element gutentor-element-advanced-text\"><div class=\"gutentor-text-wrap\"><p class=\"gutentor-text\">Tipos de \u00abn\u00famero 1\u00bb<\/p><\/div><\/div>\n\n\n\n<div id=\"section-gad18ef\" class=\"wp-block-gutentor-e1 section-gad18ef gutentor-element gutentor-element-advanced-text text-align-left-desktop text-align-left-tablet text-align-left-mobile\"><div class=\"gutentor-text-wrap\"><p class=\"gutentor-text\">Definir\u00e1s el vocabulario espec\u00edfico para empezar una oraci\u00f3n y\/o mensaje en Ingl\u00e9s.<br><\/p><\/div><\/div>\n\n\n\n<div id=\"section-g1937f4\" class=\"wp-block-gutentor-e1 section-g1937f4 gutentor-element gutentor-element-advanced-text text-align-left-desktop text-align-left-tablet text-align-left-mobile\"><div class=\"gutentor-text-wrap\"><a class=\"gutentor-element-advanced-text-link\" href=\"#\"><h4 class=\"gutentor-text\">Unidad 3<\/h4><\/a><\/div><\/div>\n\n\n\n<div id=\"section-g183001\" class=\"wp-block-gutentor-e1 section-g183001 gutentor-element gutentor-element-advanced-text\"><div class=\"gutentor-text-wrap\"><p class=\"gutentor-text\">Ir al punto<\/p><\/div><\/div>\n\n\n\n<div id=\"section-g811d77\" class=\"wp-block-gutentor-e1 section-g811d77 gutentor-element gutentor-element-advanced-text text-align-left-desktop text-align-left-tablet text-align-left-mobile\"><div class=\"gutentor-text-wrap\"><p class=\"gutentor-text\">Controlar\u00e1s y dar\u00e1s prioridad a lo que es relevante en la construcci\u00f3n de una idea o en una respuesta.<br><\/p><\/div><\/div>\n\n\n\n<div id=\"section-g617fde\" class=\"wp-block-gutentor-e1 section-g617fde gutentor-element gutentor-element-advanced-text text-align-left-desktop text-align-left-tablet text-align-left-mobile\"><div class=\"gutentor-text-wrap\"><a class=\"gutentor-element-advanced-text-link\" href=\"#\"><h4 class=\"gutentor-text\">Unidad 4<\/h4><\/a><\/div><\/div>\n\n\n\n<div id=\"section-g9d43e4\" class=\"wp-block-gutentor-e0 section-g9d43e4 gutentor-element gutentor-element-advanced-text\"><div class=\"gutentor-text-wrap\"><p class=\"gutentor-text\">El \u00abm\u00e1gico tres\u00bb<\/p><\/div><\/div>\n\n\n\n<div id=\"section-ga159ab\" class=\"wp-block-gutentor-e0 section-ga159ab gutentor-element gutentor-element-advanced-text\"><div class=\"gutentor-text-wrap\"><p class=\"gutentor-text\">Crear\u00e1s el h\u00e1bito de construir una oraci\u00f3n y delimitar las ideas hasta tres niveles con el fin de determinar en el cerebro un principio y fin al hablar Ingl\u00e9s.<br><\/p><\/div><\/div>\n<\/div>\n\n\n\n<div class=\"wp-block-gutentor-m7-tab gutentor-module-tabs-content gm-tc-06e812\">\n<div id=\"section-g0d0ab6\" class=\"wp-block-gutentor-e5 section-g0d0ab6 gutentor-element gutentor-element-icon gutentor-icon-default\"><div class=\"gutentor-element-icon-box\"><i class=\"fas fa-walking\"><\/i><\/div><\/div>\n\n\n\n<div id=\"section-g39dddc\" class=\"wp-block-gutentor-e0 section-g39dddc gutentor-element gutentor-element-advanced-text\"><div class=\"gutentor-text-wrap\"><h4 class=\"gutentor-text\">A tu ritmo<\/h4><\/div><\/div>\n\n\n\n<div id=\"section-g55ff09\" class=\"wp-block-gutentor-e0 section-g55ff09 gutentor-element gutentor-element-advanced-text\"><div class=\"gutentor-text-wrap\"><p class=\"gutentor-text\">Aprovecha todos los recursos a tu tiempo.<\/p><\/div><\/div>\n\n\n\n<div style=\"height:25px\" aria-hidden=\"true\" class=\"wp-block-spacer\"><\/div>\n\n\n\n<div id=\"section-ga0b487\" class=\"wp-block-gutentor-e5 section-ga0b487 gutentor-element gutentor-element-icon gutentor-icon-default\"><div class=\"gutentor-element-icon-box\"><i class=\"fas fa-film\"><\/i><\/div><\/div>\n\n\n\n<div id=\"section-g4ca956\" class=\"wp-block-gutentor-e0 section-g4ca956 gutentor-element gutentor-element-advanced-text\"><div class=\"gutentor-text-wrap\"><h4 class=\"gutentor-text\">Calidad en Dise\u00f1o Instruccional<\/h4><\/div><\/div>\n\n\n\n<div id=\"section-g01ac3d\" class=\"wp-block-gutentor-e0 section-g01ac3d gutentor-element gutentor-element-advanced-text\"><div class=\"gutentor-text-wrap\"><p class=\"gutentor-text\">Alta calidad de producci\u00f3n en los contenidos.<\/p><\/div><\/div>\n\n\n\n<div style=\"height:25px\" aria-hidden=\"true\" class=\"wp-block-spacer\"><\/div>\n\n\n\n<div id=\"section-gecaa02\" class=\"wp-block-gutentor-e5 section-gecaa02 gutentor-element gutentor-element-icon gutentor-icon-default\"><div class=\"gutentor-element-icon-box\"><i class=\"fas fa-toolbox\"><\/i><\/div><\/div>\n\n\n\n<div id=\"section-gd19717\" class=\"wp-block-gutentor-e0 section-gd19717 gutentor-element gutentor-element-advanced-text\"><div class=\"gutentor-text-wrap\"><h4 class=\"gutentor-text\">Contenidos multimedia<\/h4><\/div><\/div>\n\n\n\n<div id=\"section-g336961\" class=\"wp-block-gutentor-e0 section-g336961 gutentor-element gutentor-element-advanced-text\"><div class=\"gutentor-text-wrap\"><p class=\"gutentor-text\">Disfruta de todos los recursos a los que tienes acceso.<\/p><\/div><\/div>\n<\/div>\n<\/div><\/div><\/div><\/section>\n<\/div><\/div>\n\n\n\n<div id=\"col-gm8a2f76\" class=\"wp-block-gutentor-m4-col col-gm8a2f76 gutentor-single-column  grid-lg-4 grid-md-12 grid-12\"><div id=\"section-gm8a2f76\" class=\"section-gm8a2f76 gutentor-col-wrap\">\n<section id=\"gm18f5a67\" class=\"wp-block-gutentor-m3 section-gm18f5a67 gutentor-module gutentor-container-cover has-image-bg has-custom-bg\"><div class=\"grid-container\">\n<div id=\"section-g14c0a5\" class=\"wp-block-gutentor-e11 section-g14c0a5 gutentor-element gutentor-element-video-popup gutentor-enable-ripple gutentor-enable-ripple-color gutentor-enable-animation text-align-center-mobile\"><div class=\"gutentor-element-video-popup-wrap\"><a class=\"gutentor-video-popup-holder gutentor-red\" href=\"https:\/\/www.youtube.com\/watch?v=IGL4vsRPYaY\"><span class=\"video-popup-icon-box\"><i class=\"fas fa-play\"><\/i><\/span><\/a><\/div><\/div>\n<\/div><\/section>\n\n\n\n<section id=\"gm18cd1ea\" class=\"wp-block-gutentor-m3 section-gm18cd1ea gutentor-module gutentor-container-cover has-color-bg has-custom-bg\"><div class=\"grid-container\">\n<div id=\"section-g11074a\" class=\"wp-block-gutentor-e7 section-g11074a gutentor-element gutentor-element-list text-align-left-desktop text-align-left-tablet text-align-left-mobile\"><ul class=\"grid-row gutentor-grid-item-wrap list-indicator-icon\"><li class=\"gutentor-list-item grid-lg-12 grid-md-12 grid-12 gutentor-rm-col-space\"><span class=\"gutentor-single-item gutentor-single-item-0\"><span class=\"gutentor-list-item-wrap g-s-list-wrap\"><span class=\"gutentor-single-list-item-icon\"><i class=\"list-item-icon far fa-calendar-alt\"><\/i><\/span><span class=\"gutentor-list-item\"><p class=\"gutentor-single-item-title\">Disponible <\/p><\/span><\/span><\/span><\/li><\/ul><\/div>\n\n\n\n<div id=\"section-g4bc68d\" class=\"wp-block-gutentor-e7 section-g4bc68d gutentor-element gutentor-element-list text-align-left-desktop text-align-left-tablet text-align-left-mobile\"><ul class=\"grid-row gutentor-grid-item-wrap list-indicator-icon\"><li class=\"gutentor-list-item grid-lg-12 grid-md-12 grid-12 gutentor-rm-col-space\"><span class=\"gutentor-single-item gutentor-single-item-0\"><span class=\"gutentor-list-item-wrap g-s-list-wrap\"><span class=\"gutentor-single-list-item-icon\"><i class=\"list-item-icon fas fa-clock\"><\/i><\/span><span class=\"gutentor-list-item\"><p class=\"gutentor-single-item-title\">La duraci\u00f3n del minicurso es de 2h aprox<\/p><\/span><\/span><\/span><\/li><\/ul><\/div>\n\n\n\n<div id=\"section-g7898a3\" class=\"wp-block-gutentor-e7 section-g7898a3 gutentor-element gutentor-element-list text-align-left-desktop text-align-left-tablet text-align-left-mobile\"><ul class=\"grid-row gutentor-grid-item-wrap list-indicator-icon\"><li class=\"gutentor-list-item grid-lg-12 grid-md-12 grid-12 gutentor-rm-col-space\"><span class=\"gutentor-single-item gutentor-single-item-0\"><span class=\"gutentor-list-item-wrap g-s-list-wrap\"><span class=\"gutentor-single-list-item-icon\"><i class=\"list-item-icon far fa-file\"><\/i><\/span><span class=\"gutentor-list-item\"><p class=\"gutentor-single-item-title\">Acceso a archivos descargables<\/p><\/span><\/span><\/span><\/li><\/ul><\/div>\n\n\n\n<div id=\"section-gbbab3d\" class=\"wp-block-gutentor-e7 section-gbbab3d gutentor-element gutentor-element-list text-align-left-desktop text-align-left-tablet text-align-left-mobile\"><ul class=\"grid-row gutentor-grid-item-wrap list-indicator-icon\"><li class=\"gutentor-list-item grid-lg-12 grid-md-12 grid-12 gutentor-rm-col-space\"><span class=\"gutentor-single-item gutentor-single-item-0\"><span class=\"gutentor-list-item-wrap g-s-list-wrap\"><span class=\"gutentor-single-list-item-icon\"><i class=\"list-item-icon fas fa-puzzle-piece\"><\/i><\/span><span class=\"gutentor-list-item\"><p class=\"gutentor-single-item-title\">Actividades, quizzes y evaluaci\u00f3n final<\/p><\/span><\/span><\/span><\/li><\/ul><\/div>\n\n\n\n<div id=\"section-g5bc1e7\" class=\"wp-block-gutentor-e7 section-g5bc1e7 gutentor-element gutentor-element-list text-align-left-desktop text-align-left-tablet text-align-left-mobile\"><ul class=\"grid-row gutentor-grid-item-wrap list-indicator-icon\"><li class=\"gutentor-list-item grid-lg-12 grid-md-12 grid-12 gutentor-rm-col-space\"><span class=\"gutentor-single-item gutentor-single-item-0\"><span class=\"gutentor-list-item-wrap g-s-list-wrap\"><span class=\"gutentor-single-list-item-icon\"><i class=\"list-item-icon fas fa-walking\"><\/i><\/span><span class=\"gutentor-list-item\"><p class=\"gutentor-single-item-title\">A tu ritmo<\/p><\/span><\/span><\/span><\/li><\/ul><\/div>\n\n\n\n<div id=\"section-g473925\" class=\"wp-block-gutentor-e7 section-g473925 gutentor-element gutentor-element-list text-align-left-desktop text-align-left-tablet text-align-left-mobile\"><ul class=\"grid-row gutentor-grid-item-wrap list-indicator-icon\"><li class=\"gutentor-list-item grid-lg-12 grid-md-12 grid-12 gutentor-rm-col-space\"><span class=\"gutentor-single-item gutentor-single-item-0\"><span class=\"gutentor-list-item-wrap g-s-list-wrap\"><span class=\"gutentor-single-list-item-icon\"><i class=\"list-item-icon fas fa-certificate\"><\/i><\/span><span class=\"gutentor-list-item\"><p class=\"gutentor-single-item-title\">Certificaci\u00f3n de habilidad<\/p><\/span><\/span><\/span><\/li><\/ul><\/div>\n\n\n\n<div id=\"section-g0d43e5\" class=\"wp-block-gutentor-e7 section-g0d43e5 gutentor-element gutentor-element-list text-align-left-desktop text-align-left-tablet text-align-left-mobile\"><ul class=\"grid-row gutentor-grid-item-wrap list-indicator-icon\"><li class=\"gutentor-list-item grid-lg-12 grid-md-12 grid-12 gutentor-rm-col-space\"><span class=\"gutentor-single-item gutentor-single-item-0\"><span class=\"gutentor-list-item-wrap g-s-list-wrap\"><span class=\"gutentor-single-list-item-icon\"><i class=\"list-item-icon fas fa-book-open\"><\/i><\/span><span class=\"gutentor-list-item\"><p class=\"gutentor-single-item-title\">Pre-requisito: Ninguno<\/p><\/span><\/span><\/span><\/li><\/ul><\/div>\n\n\n\n<div id=\"section-gcd9f01\" class=\"wp-block-gutentor-e2 section-gcd9f01 gutentor-element gutentor-element-button button-align-center-desktop button-align-center-tablet button-align-center-mobile\"><span class=\"gutentor-button-wrap\"><a class=\"gutentor-button gutentor-block-button gutentor-icon-before\" href=\"https:\/\/tizapp.fun\"><i class=\"gutentor-button-icon fas fa-home\"><\/i><span>TizApp<\/span><\/a><\/span><\/div>\n<\/div><\/section>\n<\/div><\/div>\n<\/div><\/div><\/section>\n\n\n","protected":false},"excerpt":{"rendered":"<p>Information Technology_ English A2<\/p>\n","protected":false},"author":1,"featured_media":0,"parent":0,"menu_order":0,"comment_status":"closed","ping_status":"closed","template":"elementor_canvas","meta":{"footnotes":""},"class_list":["post-9045","page","type-page","status-publish","hentry"],"_links":{"self":[{"href":"https:\/\/felixcancelado.com\/web\/wp-json\/wp\/v2\/pages\/9045","targetHints":{"allow":["GET"]}}],"collection":[{"href":"https:\/\/felixcancelado.com\/web\/wp-json\/wp\/v2\/pages"}],"about":[{"href":"https:\/\/felixcancelado.com\/web\/wp-json\/wp\/v2\/types\/page"}],"author":[{"embeddable":true,"href":"https:\/\/felixcancelado.com\/web\/wp-json\/wp\/v2\/users\/1"}],"replies":[{"embeddable":true,"href":"https:\/\/felixcancelado.com\/web\/wp-json\/wp\/v2\/comments?post=9045"}],"version-history":[{"count":2,"href":"https:\/\/felixcancelado.com\/web\/wp-json\/wp\/v2\/pages\/9045\/revisions"}],"predecessor-version":[{"id":9048,"href":"https:\/\/felixcancelado.com\/web\/wp-json\/wp\/v2\/pages\/9045\/revisions\/9048"}],"wp:attachment":[{"href":"https:\/\/felixcancelado.com\/web\/wp-json\/wp\/v2\/media?parent=9045"}],"curies":[{"name":"wp","href":"https:\/\/api.w.org\/{rel}","templated":true}]}}